{"id":3067,"date":"2025-07-22T02:06:32","date_gmt":"2025-07-22T02:06:32","guid":{"rendered":"https:\/\/s-jcarpentry.es\/about\/"},"modified":"2025-10-11T16:57:05","modified_gmt":"2025-10-11T16:57:05","slug":"about","status":"publish","type":"page","link":"https:\/\/s-jcarpentry.es\/es\/about\/","title":{"rendered":"Acerca de"},"content":{"rendered":"<div class=\"wp-block-uagb-container uagb-block-e3fbacbb alignfull uagb-is-root-container\"><div class=\"uagb-container-inner-blocks-wrap\">\n<div class=\"wp-block-uagb-info-box uagb-block-dad8622f uagb-infobox__content-wrap  uagb-infobox-icon-above-title uagb-infobox-image-valign-top\"><div class=\"uagb-ifb-content\"><div class=\"uagb-ifb-title-wrap\"><h1 class=\"uagb-ifb-title\">Qui\u00e9nes somos<\/h1><\/div><\/div><\/div>\n<\/div><\/div>\n\n\n\n<div class=\"wp-block-uagb-container uagb-block-2c672d86 alignfull uagb-is-root-container\"><div class=\"uagb-container-inner-blocks-wrap\">\n<div class=\"wp-block-uagb-container uagb-block-c7d61e6b\">\n<div class=\"wp-block-uagb-info-box uagb-block-935f1529 uagb-infobox__content-wrap  uagb-infobox-icon-above-title uagb-infobox-image-valign-top wp-block-uagb-info-box--has-margin\"><div class=\"uagb-infobox-margin-wrapper\"><div class=\"uagb-ifb-content\"><div class=\"uagb-ifb-title-wrap\"><h2 class=\"uagb-ifb-title\">Nuestra historia<\/h2><\/div><p class=\"uagb-ifb-desc\"><strong>Fundada en 2019 en una dedicaci\u00f3n a la calidad, S &amp; J Carpinter\u00eda ha construido una reputaci\u00f3n de fiabilidad y excelencia. Nos asociamos estrechamente con los clientes-contratistas y propietarios por igual-para asegurar que cada proyecto se convierta en una historia de \u00e9xito.<\/strong><\/p><\/div><\/div><\/div>\n<\/div>\n\n\n\n<div class=\"wp-block-uagb-container uagb-block-0a938490\">\n<div data-aos= \"slide-left\" data-aos-duration=\"400\" data-aos-delay=\"0\" data-aos-easing=\"ease\" data-aos-once=\"true\" class=\"wp-block-uagb-image aligncenter uagb-block-bc675acd wp-block-uagb-image--layout-default wp-block-uagb-image--effect-static wp-block-uagb-image--align-center\"><figure class=\"wp-block-uagb-image__figure\"><img decoding=\"async\" srcset=\"https:\/\/s-jcarpentry.es\/wp-content\/uploads\/2025\/10\/about-us-3.jpg ,https:\/\/s-jcarpentry.es\/wp-content\/uploads\/2025\/10\/about-us-3.jpg 780w, https:\/\/s-jcarpentry.es\/wp-content\/uploads\/2025\/10\/about-us-3.jpg 360w\" sizes=\"auto, (max-width: 480px) 150px\" src=\"https:\/\/s-jcarpentry.es\/wp-content\/uploads\/2025\/10\/about-us-3.jpg\" alt=\"about us 3\" class=\"uag-image-3594\" width=\"500\" height=\"600\" title=\"about us 3\" loading=\"lazy\" role=\"img\"\/><\/figure><\/div>\n<\/div>\n<\/div><\/div>\n\n\n\n<div class=\"wp-block-uagb-container uagb-block-25fe3647 alignfull uagb-is-root-container\"><div class=\"uagb-container-inner-blocks-wrap\">\n<div data-aos= \"slide-up\" data-aos-duration=\"400\" data-aos-delay=\"0\" data-aos-easing=\"ease\" data-aos-once=\"true\" class=\"wp-block-uagb-container uagb-block-98bd110f\">\n<div class=\"wp-block-uagb-info-box uagb-block-80a097b1 uagb-infobox__content-wrap  uagb-infobox-icon-above-title uagb-infobox-image-valign-top\"><div class=\"uagb-ifb-content\"><div class=\"uagb-ifb-icon-wrap\"><div class=\"uagb-iconbox-icon-wrap uagb-infobox-shape-circle\"><svg xmlns=\"https:\/\/www.w3.org\/2000\/svg\" viewbox=\"0 0 512 512\"><path d=\"M234.5 5.709C248.4 .7377 263.6 .7377 277.5 5.709L469.5 74.28C494.1 83.38 512 107.5 512 134.6V377.4C512 404.5 494.1 428.6 469.5 437.7L277.5 506.3C263.6 511.3 248.4 511.3 234.5 506.3L42.47 437.7C17 428.6 0 404.5 0 377.4V134.6C0 107.5 17 83.38 42.47 74.28L234.5 5.709zM256 65.98L82.34 128L256 190L429.7 128L256 65.98zM288 434.6L448 377.4V189.4L288 246.6V434.6z\"><\/path><\/svg><\/div><\/div><div class=\"uagb-ifb-title-wrap\"><h4 class=\"uagb-ifb-title\"><strong>20+\u200b<\/strong><\/h4><\/div><p class=\"uagb-ifb-desc\">PROYECTOS REALIZADOS<\/p><\/div><\/div>\n<\/div>\n\n\n\n<div class=\"wp-block-uagb-container uagb-block-9d069f34\">\n<div data-aos= \"slide-up\" data-aos-duration=\"400\" data-aos-delay=\"0\" data-aos-easing=\"ease\" data-aos-once=\"true\" class=\"wp-block-uagb-info-box uagb-block-49f87517 uagb-infobox__content-wrap  uagb-infobox-icon-above-title uagb-infobox-image-valign-top\"><div class=\"uagb-ifb-content\"><div class=\"uagb-ifb-icon-wrap\"><div class=\"uagb-iconbox-icon-wrap uagb-infobox-shape-circle\"><svg xmlns=\"https:\/\/www.w3.org\/2000\/svg\" viewbox=\"0 0 448 512\"><path d=\"M224 256c70.7 0 128-57.31 128-128s-57.3-128-128-128C153.3 0 96 57.31 96 128S153.3 256 224 256zM274.7 304H173.3C77.61 304 0 381.6 0 477.3c0 19.14 15.52 34.67 34.66 34.67h378.7C432.5 512 448 496.5 448 477.3C448 381.6 370.4 304 274.7 304z\"><\/path><\/svg><\/div><\/div><div class=\"uagb-ifb-title-wrap\"><h4 class=\"uagb-ifb-title\"><strong><strong>80+\u200b<\/strong><\/strong><\/h4><\/div><p class=\"uagb-ifb-desc\">CLIENTES SATISFECHOS<\/p><\/div><\/div>\n<\/div>\n\n\n\n<div class=\"wp-block-uagb-container uagb-block-4a16907d\">\n<div data-aos= \"slide-up\" data-aos-duration=\"400\" data-aos-delay=\"0\" data-aos-easing=\"ease\" data-aos-once=\"true\" class=\"wp-block-uagb-info-box uagb-block-b3bafde0 uagb-infobox__content-wrap  uagb-infobox-icon-above-title uagb-infobox-image-valign-top\"><div class=\"uagb-ifb-content\"><div class=\"uagb-ifb-icon-wrap\"><div class=\"uagb-iconbox-icon-wrap uagb-infobox-shape-circle\"><svg xmlns=\"https:\/\/www.w3.org\/2000\/svg\" viewbox=\"0 0 576 512\"><path d=\"M381.2 150.3L524.9 171.5C536.8 173.2 546.8 181.6 550.6 193.1C554.4 204.7 551.3 217.3 542.7 225.9L438.5 328.1L463.1 474.7C465.1 486.7 460.2 498.9 450.2 506C440.3 513.1 427.2 514 416.5 508.3L288.1 439.8L159.8 508.3C149 514 135.9 513.1 126 506C116.1 498.9 111.1 486.7 113.2 474.7L137.8 328.1L33.58 225.9C24.97 217.3 21.91 204.7 25.69 193.1C29.46 181.6 39.43 173.2 51.42 171.5L195 150.3L259.4 17.97C264.7 6.954 275.9-.0391 288.1-.0391C300.4-.0391 311.6 6.954 316.9 17.97L381.2 150.3z\"><\/path><\/svg><\/div><\/div><div class=\"uagb-ifb-title-wrap\"><h4 class=\"uagb-ifb-title\"><strong><strong>100%<\/strong><\/strong><\/h4><\/div><p class=\"uagb-ifb-desc\">NUNCA DEJAMOS PASAR UN PLAZO<\/p><\/div><\/div>\n<\/div>\n\n\n\n<div data-aos= \"slide-up\" data-aos-duration=\"400\" data-aos-delay=\"0\" data-aos-easing=\"ease\" data-aos-once=\"true\" class=\"wp-block-uagb-container uagb-block-38a6e0ee\">\n<div class=\"wp-block-uagb-info-box uagb-block-11d6f82b uagb-infobox__content-wrap  uagb-infobox-icon-above-title uagb-infobox-image-valign-top\"><div class=\"uagb-ifb-content\"><div class=\"uagb-ifb-icon-wrap\"><div class=\"uagb-iconbox-icon-wrap uagb-infobox-shape-circle\"><svg xmlns=\"https:\/\/www.w3.org\/2000\/svg\" viewbox=\"0 0 512 512\"><path d=\"M320 336c0 8.844-7.156 16-16 16h-96C199.2 352 192 344.8 192 336V288H0v144C0 457.6 22.41 480 48 480h416c25.59 0 48-22.41 48-48V288h-192V336zM464 96H384V48C384 22.41 361.6 0 336 0h-160C150.4 0 128 22.41 128 48V96H48C22.41 96 0 118.4 0 144V256h512V144C512 118.4 489.6 96 464 96zM336 96h-160V48h160V96z\"><\/path><\/svg><\/div><\/div><div class=\"uagb-ifb-title-wrap\"><h4 class=\"uagb-ifb-title\"><strong><strong>6+<\/strong>\u200b<\/strong><\/h4><\/div><p class=\"uagb-ifb-desc\">A\u00d1OS DE SERVICIO<\/p><\/div><\/div>\n<\/div>\n<\/div><\/div>\n\n\n\n<div class=\"wp-block-uagb-container uagb-block-6287d212 alignfull uagb-is-root-container\"><div class=\"uagb-container-inner-blocks-wrap\">\n<div class=\"wp-block-uagb-advanced-heading uagb-block-8a36d330\"><h2 class=\"uagb-heading-text\">NUESTRO EQUIPO<\/h2><\/div>\n\n\n\n<div class=\"wp-block-uagb-advanced-heading uagb-block-78fb2f8f\"><h2 class=\"uagb-heading-text\">Nuestro equipo combina d\u00e9cadas de experiencia en carpinter\u00eda y gesti\u00f3n de la construcci\u00f3n. Nos enorgullecemos de mantener lugares de trabajo organizados y eficientes, con profesionales cualificados y fiables.<\/h2><\/div>\n\n\n\n<div style=\"height:50px\" aria-hidden=\"true\" class=\"wp-block-spacer\"><\/div>\n\n\n\n<div data-aos= \"slide-right\" data-aos-duration=\"400\" data-aos-delay=\"0\" data-aos-easing=\"ease\" data-aos-once=\"true\" class=\"wp-block-uagb-image aligncenter uagb-block-660a951b wp-block-uagb-image--layout-default wp-block-uagb-image--effect-static wp-block-uagb-image--align-center\"><figure class=\"wp-block-uagb-image__figure\"><img decoding=\"async\" srcset=\"https:\/\/s-jcarpentry.es\/wp-content\/uploads\/2025\/08\/OUR-TEAM.jpg ,https:\/\/s-jcarpentry.es\/wp-content\/uploads\/2025\/08\/OUR-TEAM.jpg 780w, https:\/\/s-jcarpentry.es\/wp-content\/uploads\/2025\/08\/OUR-TEAM.jpg 360w\" sizes=\"auto, (max-width: 480px) 150px\" src=\"https:\/\/s-jcarpentry.es\/wp-content\/uploads\/2025\/08\/OUR-TEAM.jpg\" alt=\"our team\" class=\"uag-image-3333\" width=\"1820\" height=\"1000\" title=\"nuestro equipo\" loading=\"lazy\" role=\"img\"\/><\/figure><\/div>\n<\/div><\/div>\n\n\n\n<div class=\"wp-block-uagb-container uagb-block-e0319565 alignfull uagb-is-root-container\"><div class=\"uagb-container-inner-blocks-wrap\">\n<div class=\"wp-block-uagb-advanced-heading uagb-block-cf0a4f9e\"><h3 class=\"uagb-heading-text\">Certificaciones<\/h3><\/div>\n\n\n\n<div class=\"wp-block-uagb-advanced-heading uagb-block-484a5e7e\"><h2 class=\"uagb-heading-text\"><strong>Contamos con todas las licencias y seguros tanto para trabajos residenciales como comerciales ligeros, y nos comprometemos a cumplir las normas OSHA en cada proyecto.<\/strong><\/h2><\/div>\n\n\n\n<div class=\"wp-block-columns is-layout-flex wp-container-core-columns-is-layout-28f84493 wp-block-columns-is-layout-flex\">\n<div class=\"wp-block-column is-layout-flow wp-block-column-is-layout-flow\" style=\"flex-basis:33.34%\">\n<div data-aos= \"slide-up\" data-aos-duration=\"400\" data-aos-delay=\"0\" data-aos-easing=\"ease\" data-aos-once=\"true\" class=\"wp-block-uagb-image uagb-block-016dc10a wp-block-uagb-image--layout-default wp-block-uagb-image--effect-zoomin wp-block-uagb-image--align-none\"><figure class=\"wp-block-uagb-image__figure\"><img loading=\"lazy\" decoding=\"async\" srcset=\"https:\/\/s-jcarpentry.es\/wp-content\/uploads\/2025\/08\/Fully-insured-for-all-operations-1024x338.png ,https:\/\/s-jcarpentry.es\/wp-content\/uploads\/2025\/08\/Fully-insured-for-all-operations.png 780w, https:\/\/s-jcarpentry.es\/wp-content\/uploads\/2025\/08\/Fully-insured-for-all-operations.png 360w\" sizes=\"auto, (max-width: 480px) 150px\" src=\"https:\/\/s-jcarpentry.es\/wp-content\/uploads\/2025\/08\/Fully-insured-for-all-operations-1024x338.png\" alt=\"Fully Insured For All Operations 1024x338\" class=\"uag-image-3313\" width=\"1024\" height=\"338\" title=\"Acerca de\" role=\"presentation\"><figcaption class=\"uagb-image-caption\">Seguro a todo riesgo para todas las operaciones<\/figcaption><\/figure><\/div>\n<\/div>\n\n\n\n<div class=\"wp-block-column is-layout-flow wp-block-column-is-layout-flow\" style=\"flex-basis:33.34%\">\n<div data-aos= \"slide-up\" data-aos-duration=\"400\" data-aos-delay=\"0\" data-aos-easing=\"ease\" data-aos-once=\"true\" class=\"wp-block-uagb-image uagb-block-9c25b379 wp-block-uagb-image--layout-default wp-block-uagb-image--effect-zoomin wp-block-uagb-image--align-none\"><figure class=\"wp-block-uagb-image__figure\"><img loading=\"lazy\" decoding=\"async\" srcset=\"https:\/\/s-jcarpentry.es\/wp-content\/uploads\/2025\/08\/osha-1024x338.png ,https:\/\/s-jcarpentry.es\/wp-content\/uploads\/2025\/08\/osha.png 780w, https:\/\/s-jcarpentry.es\/wp-content\/uploads\/2025\/08\/osha.png 360w\" sizes=\"auto, (max-width: 480px) 150px\" src=\"https:\/\/s-jcarpentry.es\/wp-content\/uploads\/2025\/08\/osha-1024x338.png\" alt=\"Osha 1024x338\" class=\"uag-image-3311\" width=\"1024\" height=\"338\" title=\"Acerca de\" role=\"presentation\"><figcaption class=\"uagb-image-caption\">Certificado de seguridad OSHA<\/figcaption><\/figure><\/div>\n<\/div>\n\n\n\n<div class=\"wp-block-column is-layout-flow wp-block-column-is-layout-flow\" style=\"flex-basis:33.33%\">\n<div data-aos= \"slide-up\" data-aos-duration=\"400\" data-aos-delay=\"0\" data-aos-easing=\"ease\" data-aos-once=\"true\" class=\"wp-block-uagb-image uagb-block-9bfe21f3 wp-block-uagb-image--layout-default wp-block-uagb-image--effect-zoomin wp-block-uagb-image--align-none\"><figure class=\"wp-block-uagb-image__figure\"><img loading=\"lazy\" decoding=\"async\" srcset=\"https:\/\/s-jcarpentry.es\/wp-content\/uploads\/2025\/08\/Licensed-operators-for-heavy-equipment-1024x338.png ,https:\/\/s-jcarpentry.es\/wp-content\/uploads\/2025\/08\/Licensed-operators-for-heavy-equipment.png 780w, https:\/\/s-jcarpentry.es\/wp-content\/uploads\/2025\/08\/Licensed-operators-for-heavy-equipment.png 360w\" sizes=\"auto, (max-width: 480px) 150px\" src=\"https:\/\/s-jcarpentry.es\/wp-content\/uploads\/2025\/08\/Licensed-operators-for-heavy-equipment-1024x338.png\" alt=\"Licensed Operators For Heavy Equipment 1024x338\" class=\"uag-image-3312\" width=\"1024\" height=\"338\" title=\"Acerca de\" role=\"presentation\"><figcaption class=\"uagb-image-caption\">Operarios con licencia para maquinaria pesada<\/figcaption><\/figure><\/div>\n<\/div>\n<\/div>\n\n\n\n<div data-aos= \"slide-up\" data-aos-duration=\"400\" data-aos-delay=\"0\" data-aos-easing=\"ease\" data-aos-once=\"true\" class=\"wp-block-uagb-image aligncenter uagb-block-e9ae986f wp-block-uagb-image--layout-default wp-block-uagb-image--effect-static wp-block-uagb-image--align-center\"><figure class=\"wp-block-uagb-image__figure\"><img loading=\"lazy\" decoding=\"async\" srcset=\"https:\/\/s-jcarpentry.es\/wp-content\/uploads\/2025\/10\/about-us-2.jpg ,https:\/\/s-jcarpentry.es\/wp-content\/uploads\/2025\/10\/about-us-2.jpg 780w, https:\/\/s-jcarpentry.es\/wp-content\/uploads\/2025\/10\/about-us-2-1024x370.jpg 360w\" sizes=\"auto, (max-width: 480px) 150px\" src=\"https:\/\/s-jcarpentry.es\/wp-content\/uploads\/2025\/10\/about-us-2.jpg\" alt=\"about us 2\" class=\"uag-image-3589\" width=\"1938\" height=\"700\" title=\"about us 2\" role=\"img\"\/><\/figure><\/div>\n<\/div><\/div>\n\n\n\n<div class=\"wp-block-uagb-container uagb-block-52b5a308 alignfull uagb-is-root-container\"><div class=\"uagb-container-inner-blocks-wrap\"><\/div><\/div>","protected":false},"excerpt":{"rendered":"<p>OUR TEAM Our team combines decades of carpentry and construction management experience. We pride ourselves on maintaining organized, efficient job sites staffed by skilled, reliable professionals. Certifications We\u2019re fully licensed and insured for both residential and light commercial work, and committed to meeting OSHA standards in every project.<\/p>","protected":false},"author":1,"featured_media":0,"parent":0,"menu_order":0,"comment_status":"closed","ping_status":"closed","template":"","meta":{"_uag_custom_page_level_css":"","site-sidebar-layout":"no-sidebar","site-content-layout":"plain-container","ast-site-content-layout":"normal-width-container","site-content-style":"unboxed","site-sidebar-style":"unboxed","ast-global-header-display":"","ast-banner-title-visibility":"","ast-main-header-display":"","ast-hfb-above-header-display":"","ast-hfb-below-header-display":"","ast-hfb-mobile-header-display":"","site-post-title":"disabled","ast-breadcrumbs-content":"","ast-featured-img":"disabled","footer-sml-layout":"","ast-disable-related-posts":"","theme-transparent-header-meta":"enabled","adv-header-id-meta":"","stick-header-meta":"","header-above-stick-meta":"","header-main-stick-meta":"","header-below-stick-meta":"","astra-migrate-meta-layouts":"set","ast-page-background-enabled":"default","ast-page-background-meta":{"desktop":{"background-color":"","background-image":"","background-repeat":"repeat","background-position":"center center","background-size":"auto","background-attachment":"scroll","background-type":"","background-media":"","overlay-type":"","overlay-color":"","overlay-opacity":"","overlay-gradient":""},"tablet":{"background-color":"","background-image":"","background-repeat":"repeat","background-position":"center center","background-size":"auto","background-attachment":"scroll","background-type":"","background-media":"","overlay-type":"","overlay-color":"","overlay-opacity":"","overlay-gradient":""},"mobile":{"background-color":"","background-image":"","background-repeat":"repeat","background-position":"center center","background-size":"auto","background-attachment":"scroll","background-type":"","background-media":"","overlay-type":"","overlay-color":"","overlay-opacity":"","overlay-gradient":""}},"ast-content-background-meta":{"desktop":{"background-color":"var(--ast-global-color-5)","background-image":"","background-repeat":"repeat","background-position":"center center","background-size":"auto","background-attachment":"scroll","background-type":"","background-media":"","overlay-type":"","overlay-color":"","overlay-opacity":"","overlay-gradient":""},"tablet":{"background-color":"var(--ast-global-color-5)","background-image":"","background-repeat":"repeat","background-position":"center center","background-size":"auto","background-attachment":"scroll","background-type":"","background-media":"","overlay-type":"","overlay-color":"","overlay-opacity":"","overlay-gradient":""},"mobile":{"background-color":"var(--ast-global-color-5)","background-image":"","background-repeat":"repeat","background-position":"center center","background-size":"auto","background-attachment":"scroll","background-type":"","background-media":"","overlay-type":"","overlay-color":"","overlay-opacity":"","overlay-gradient":""}},"footnotes":""},"class_list":["post-3067","page","type-page","status-publish","hentry"],"uagb_featured_image_src":{"full":false,"thumbnail":false,"medium":false,"medium_large":false,"large":false,"1536x1536":false,"2048x2048":false,"trp-custom-language-flag":false},"uagb_author_info":{"display_name":"kyessigarcia@gmail.com","author_link":"https:\/\/s-jcarpentry.es\/es\/author\/kyessigarciagmail-com\/"},"uagb_comment_info":0,"uagb_excerpt":"OUR TEAM Our team combines decades of carpentry and construction management experience. We pride ourselves on maintaining organized, efficient job sites staffed by skilled, reliable professionals. Certifications We\u2019re fully licensed and insured for both residential and light commercial work, and committed to meeting OSHA standards in every project.","_links":{"self":[{"href":"https:\/\/s-jcarpentry.es\/es\/wp-json\/wp\/v2\/pages\/3067","targetHints":{"allow":["GET"]}}],"collection":[{"href":"https:\/\/s-jcarpentry.es\/es\/wp-json\/wp\/v2\/pages"}],"about":[{"href":"https:\/\/s-jcarpentry.es\/es\/wp-json\/wp\/v2\/types\/page"}],"author":[{"embeddable":true,"href":"https:\/\/s-jcarpentry.es\/es\/wp-json\/wp\/v2\/users\/1"}],"replies":[{"embeddable":true,"href":"https:\/\/s-jcarpentry.es\/es\/wp-json\/wp\/v2\/comments?post=3067"}],"version-history":[{"count":33,"href":"https:\/\/s-jcarpentry.es\/es\/wp-json\/wp\/v2\/pages\/3067\/revisions"}],"predecessor-version":[{"id":3730,"href":"https:\/\/s-jcarpentry.es\/es\/wp-json\/wp\/v2\/pages\/3067\/revisions\/3730"}],"wp:attachment":[{"href":"https:\/\/s-jcarpentry.es\/es\/wp-json\/wp\/v2\/media?parent=3067"}],"curies":[{"name":"wp","href":"https:\/\/api.w.org\/{rel}","templated":true}]}}