{"id":3070,"date":"2025-07-22T02:06:33","date_gmt":"2025-07-22T02:06:33","guid":{"rendered":"https:\/\/s-jcarpentry.es\/home\/"},"modified":"2025-10-09T00:50:00","modified_gmt":"2025-10-09T00:50:00","slug":"home","status":"publish","type":"page","link":"https:\/\/s-jcarpentry.es\/es\/","title":{"rendered":"Inicio"},"content":{"rendered":"<div class=\"wp-block-uagb-container uagb-block-757a285b alignfull uagb-is-root-container\"><div class=\"uagb-container-inner-blocks-wrap\">\n<div class=\"wp-block-uagb-container uagb-block-23710801\">\n<div data-aos= \"slide-right\" data-aos-duration=\"400\" data-aos-delay=\"0\" data-aos-easing=\"ease\" data-aos-once=\"true\" class=\"wp-block-uagb-info-box uagb-block-4824fcea uagb-infobox__content-wrap  uagb-infobox-icon-above-title uagb-infobox-image-valign-top\"><div class=\"uagb-ifb-content\"><div class=\"uagb-ifb-title-wrap\"><h1 class=\"uagb-ifb-title\"><strong>Construir su visi\u00f3n con precisi\u00f3n<\/strong><\/h1><\/div><div class=\"uagb-ifb-button-wrapper wp-block-button\"><a href=\"https:\/\/s-jcarpentry.es\/es\/contact-2\/\" class=\"uagb-infobox-cta-link wp-block-button__link\" target=\"_blank\" rel=\"noopener noreferrer\" onclick=\"return true;\"><span class=\"uagb-inline-editing\">Solicite un presupuesto gratuito<\/span><svg xmlns=\"https:\/\/www.w3.org\/2000\/svg\" viewbox=\"0 0 256 512\"><path d=\"M64 448c-8.188 0-16.38-3.125-22.62-9.375c-12.5-12.5-12.5-32.75 0-45.25L178.8 256L41.38 118.6c-12.5-12.5-12.5-32.75 0-45.25s32.75-12.5 45.25 0l160 160c12.5 12.5 12.5 32.75 0 45.25l-160 160C80.38 444.9 72.19 448 64 448z\"><\/path><\/svg><\/a><\/div><\/div><\/div>\n<\/div>\n\n\n\n<div class=\"wp-block-uagb-container uag-blocks-common-selector uagb-block-ec9c6565\">\n<div data-aos= \"slide-left\" data-aos-duration=\"400\" data-aos-delay=\"0\" data-aos-easing=\"ease\" data-aos-once=\"true\" class=\"wp-block-uagb-image uagb-block-152257ba wp-block-uagb-image--layout-default wp-block-uagb-image--effect-zoomin wp-block-uagb-image--align-none\"><figure class=\"wp-block-uagb-image__figure\"><img decoding=\"async\" srcset=\"https:\/\/s-jcarpentry.es\/wp-content\/uploads\/2025\/08\/home-719x1024.jpg ,https:\/\/s-jcarpentry.es\/wp-content\/uploads\/2025\/08\/home.jpg 780w, https:\/\/s-jcarpentry.es\/wp-content\/uploads\/2025\/08\/home.jpg 360w\" sizes=\"auto, (max-width: 480px) 150px\" src=\"https:\/\/s-jcarpentry.es\/wp-content\/uploads\/2025\/08\/home-719x1024.jpg\" alt=\"Home 719x1024\" class=\"uag-image-3471\" width=\"719\" height=\"1024\" title=\"Inicio\" loading=\"lazy\" role=\"presentation\"><\/figure><\/div>\n<\/div>\n<\/div><\/div>\n\n\n\n<div class=\"wp-block-uagb-container uagb-block-80c10afe alignfull uagb-is-root-container\"><div class=\"uagb-container-inner-blocks-wrap\">\n<div class=\"wp-block-uagb-container uag-blocks-common-selector uagb-block-fae00380\">\n<div data-aos= \"slide-right\" data-aos-duration=\"400\" data-aos-delay=\"0\" data-aos-easing=\"ease\" data-aos-once=\"true\" class=\"wp-block-uagb-info-box uagb-block-ddb7217c uagb-infobox__content-wrap  uagb-infobox-icon-above-title uagb-infobox-image-valign-top wp-block-uagb-info-box--has-margin\"><div class=\"uagb-infobox-margin-wrapper\"><div class=\"uagb-ifb-content\"><div class=\"uagb-ifb-title-wrap\"><h1 class=\"uagb-ifb-title\"><strong>acerca de nosotros<\/strong><\/h1><\/div><p class=\"uagb-ifb-desc\"><strong>En S&amp;J Carpinter\u00eda, convertimos su visi\u00f3n en realidad con la artesan\u00eda que usted puede confiar. Cada viga, junta y acabado refleja m\u00e1s de 6 a\u00f1os de experiencia en la construcci\u00f3n residencial y comercial. Somos una empresa de carpinter\u00eda de servicio completo, totalmente asegurada con sede en Connecticut. Construimos con eficiencia, precisi\u00f3n y respeto por su espacio y horario.<\/strong><\/p><div class=\"uagb-ifb-button-wrapper wp-block-button\"><a href=\"https:\/\/s-jcarpentry.es\/es\/about\/\" class=\"uagb-infobox-cta-link wp-block-button__link\" target=\"_blank\" rel=\"noopener noreferrer\" onclick=\"return true;\"><span class=\"uagb-inline-editing\">Seguir leyendo<\/span><\/a><\/div><\/div><\/div><\/div>\n<\/div>\n<\/div><\/div>\n\n\n\n<div data-aos= \"slide-left\" data-aos-duration=\"400\" data-aos-delay=\"0\" data-aos-easing=\"ease\" data-aos-once=\"true\" class=\"wp-block-uagb-container uagb-block-3e73e1fd alignwide uagb-is-root-container\">\n<div class=\"wp-block-columns is-layout-flex wp-container-core-columns-is-layout-28f84493 wp-block-columns-is-layout-flex\">\n<div class=\"wp-block-column is-layout-flow wp-block-column-is-layout-flow\" style=\"flex-basis:100%\">\n<div style=\"margin-top:0;margin-bottom:0;height:100px\" aria-hidden=\"true\" class=\"wp-block-spacer\"><\/div>\n\n\n\n<div class=\"wp-block-uagb-container uagb-block-70313023\">\n<div data-aos= \"slide-up\" data-aos-duration=\"400\" data-aos-delay=\"0\" data-aos-easing=\"ease\" data-aos-once=\"true\" class=\"wp-block-uagb-advanced-heading uagb-block-87b50259\"><h1 class=\"uagb-heading-text\"><strong>Principales servicios<\/strong><\/h1><p class=\"uagb-desc-text\"><strong>Servicios expertos de carpinter\u00eda y construcci\u00f3n, desde los cimientos hasta los \u00faltimos retoques<\/strong><\/p><\/div>\n\n\n\n<div data-aos= \"slide-up\" data-aos-duration=\"400\" data-aos-delay=\"0\" data-aos-easing=\"ease\" data-aos-once=\"true\" class=\"wp-block-uagb-advanced-heading uagb-block-3a3948dd\"><h2 class=\"uagb-heading-text\"><strong>Lo que mejor sabemos hacer:<\/strong><\/h2><\/div>\n\n\n\n<div data-aos= \"slide-up\" data-aos-duration=\"400\" data-aos-delay=\"0\" data-aos-easing=\"ease\" data-aos-once=\"true\" class=\"wp-block-uagb-advanced-heading uagb-block-764052c4\"><h6 class=\"uagb-heading-text\">Ofrecemos servicios expertos de construcci\u00f3n adaptados a viviendas y proyectos comerciales ligeros. Ya sea que est\u00e9 construyendo desde cero, ampliando su espacio, o la actualizaci\u00f3n de puertas y ventanas, estamos aqu\u00ed para ofrecer resultados duraderos con la artesan\u00eda y el cuidado.<\/h6><\/div>\n\n\n\n<div class=\"wp-block-columns is-layout-flex wp-container-core-columns-is-layout-28f84493 wp-block-columns-is-layout-flex\">\n<div class=\"wp-block-column is-layout-flow wp-block-column-is-layout-flow\">\n<div data-aos= \"slide-left\" data-aos-duration=\"400\" data-aos-delay=\"0\" data-aos-easing=\"ease\" data-aos-once=\"true\" class=\"wp-block-uagb-image aligncenter uagb-block-3ca9b2d9 wp-block-uagb-image--layout-overlay wp-block-uagb-image--effect-zoomin wp-block-uagb-image--align-center\"><figure class=\"wp-block-uagb-image__figure\"><a class=\"\" href=\"https:\/\/s-jcarpentry.es\/es\/services\/\" target=\"\" rel=\"noopener\"><img loading=\"lazy\" decoding=\"async\" srcset=\"https:\/\/s-jcarpentry.es\/wp-content\/uploads\/2025\/09\/Outdoor-Expansions-Custom-Exteriors-5-751x1024.jpg ,https:\/\/s-jcarpentry.es\/wp-content\/uploads\/2025\/09\/Outdoor-Expansions-Custom-Exteriors-5.jpg 780w, https:\/\/s-jcarpentry.es\/wp-content\/uploads\/2025\/09\/Outdoor-Expansions-Custom-Exteriors-5.jpg 360w\" sizes=\"auto, (max-width: 480px) 150px\" src=\"https:\/\/s-jcarpentry.es\/wp-content\/uploads\/2025\/09\/Outdoor-Expansions-Custom-Exteriors-5-751x1024.jpg\" alt=\"Outdoor Expansions Custom Exteriors 5 751x1024\" class=\"uag-image-3539\" width=\"751\" height=\"1024\" title=\"Inicio\" role=\"presentation\"><\/a><div class=\"wp-block-uagb-image--layout-overlay__color-wrapper\"><\/div><div class=\"wp-block-uagb-image--layout-overlay__inner bottom-center\"><a class=\"wp-block-uagb-image--layout-overlay-link\" href=\"https:\/\/s-jcarpentry.es\/es\/services\/\" target=\"\" rel=\"noopener\"><\/a><h5 class=\"uagb-image-heading\">Residencial <br>&amp; Construcci\u00f3n comercial<\/h5><figcaption class=\"uagb-image-caption\">Seguir leyendo<\/figcaption><\/div><\/figure><\/div>\n<\/div>\n\n\n\n<div class=\"wp-block-column is-layout-flow wp-block-column-is-layout-flow\">\n<div data-aos= \"slide-left\" data-aos-duration=\"400\" data-aos-delay=\"0\" data-aos-easing=\"ease\" data-aos-once=\"true\" class=\"wp-block-uagb-image uagb-block-863586a6 wp-block-uagb-image--layout-overlay wp-block-uagb-image--effect-zoomin wp-block-uagb-image--align-none\"><figure class=\"wp-block-uagb-image__figure\"><a class=\"\" href=\"https:\/\/s-jcarpentry.es\/es\/services\/\" target=\"\" rel=\"noopener\"><img loading=\"lazy\" decoding=\"async\" srcset=\"https:\/\/s-jcarpentry.es\/wp-content\/uploads\/2025\/09\/Outdoor-Expansions-h-751x1024.jpg ,https:\/\/s-jcarpentry.es\/wp-content\/uploads\/2025\/09\/Outdoor-Expansions-h.jpg 780w, https:\/\/s-jcarpentry.es\/wp-content\/uploads\/2025\/09\/Outdoor-Expansions-h.jpg 360w\" sizes=\"auto, (max-width: 480px) 150px\" src=\"https:\/\/s-jcarpentry.es\/wp-content\/uploads\/2025\/09\/Outdoor-Expansions-h-751x1024.jpg\" alt=\"Outdoor Expansions H 751x1024\" class=\"uag-image-3570\" width=\"751\" height=\"1024\" title=\"Inicio\" role=\"presentation\"><\/a><div class=\"wp-block-uagb-image--layout-overlay__color-wrapper\"><\/div><div class=\"wp-block-uagb-image--layout-overlay__inner bottom-center\"><a class=\"wp-block-uagb-image--layout-overlay-link\" href=\"https:\/\/s-jcarpentry.es\/es\/services\/\" target=\"\" rel=\"noopener\"><\/a><h5 class=\"uagb-image-heading\">Ampliaciones exteriores <br>&amp; Exteriores a medida<\/h5><figcaption class=\"uagb-image-caption\">Seguir leyendo<\/figcaption><\/div><\/figure><\/div>\n<\/div>\n\n\n\n<div class=\"wp-block-column is-layout-flow wp-block-column-is-layout-flow\">\n<div data-aos= \"slide-left\" data-aos-duration=\"400\" data-aos-delay=\"0\" data-aos-easing=\"ease\" data-aos-once=\"true\" class=\"wp-block-uagb-image uagb-block-1b400726 wp-block-uagb-image--layout-overlay wp-block-uagb-image--effect-zoomin wp-block-uagb-image--align-none\"><figure class=\"wp-block-uagb-image__figure\"><a class=\"\" href=\"https:\/\/s-jcarpentry.es\/es\/services\/\" target=\"\" rel=\"noopener\"><img loading=\"lazy\" decoding=\"async\" srcset=\"https:\/\/s-jcarpentry.es\/wp-content\/uploads\/2025\/09\/Installations-and-Renovations-751x1024.jpg ,https:\/\/s-jcarpentry.es\/wp-content\/uploads\/2025\/09\/Installations-and-Renovations.jpg 780w, https:\/\/s-jcarpentry.es\/wp-content\/uploads\/2025\/09\/Installations-and-Renovations.jpg 360w\" sizes=\"auto, (max-width: 480px) 150px\" src=\"https:\/\/s-jcarpentry.es\/wp-content\/uploads\/2025\/09\/Installations-and-Renovations-751x1024.jpg\" alt=\"Installations And Renovations 751x1024\" class=\"uag-image-3571\" width=\"751\" height=\"1024\" title=\"Inicio\" role=\"presentation\"><\/a><div class=\"wp-block-uagb-image--layout-overlay__color-wrapper\"><\/div><div class=\"wp-block-uagb-image--layout-overlay__inner bottom-center\"><a class=\"wp-block-uagb-image--layout-overlay-link\" href=\"https:\/\/s-jcarpentry.es\/es\/services\/\" target=\"\" rel=\"noopener\"><\/a><h5 class=\"uagb-image-heading\">Instalaciones <br>&amp; Renovaciones<\/h5><\/div><\/figure><\/div>\n<\/div>\n<\/div>\n<\/div>\n<\/div>\n<\/div>\n<\/div>\n\n\n\n<div class=\"wp-block-uagb-container uagb-block-1faac057 alignfull uagb-is-root-container\"><div class=\"uagb-container-inner-blocks-wrap\">\n<div data-aos= \"slide-up\" data-aos-duration=\"400\" data-aos-delay=\"0\" data-aos-easing=\"ease\" data-aos-once=\"true\" class=\"wp-block-uagb-advanced-heading uagb-block-dfa1da53\"><h1 class=\"uagb-heading-text\"><strong>Certificaciones<\/strong><\/h1><\/div>\n\n\n\n<div data-aos= \"slide-right\" data-aos-duration=\"400\" data-aos-delay=\"0\" data-aos-easing=\"ease\" data-aos-once=\"true\" class=\"wp-block-uagb-advanced-heading uagb-block-9dfc2f1a\"><h3 class=\"uagb-heading-text\">Contamos con todas las licencias y seguros tanto para trabajos residenciales como comerciales ligeros, y nos comprometemos a cumplir las normas OSHA en cada proyecto.<\/h3><\/div>\n\n\n\n<div class=\"wp-block-columns is-layout-flex wp-container-core-columns-is-layout-28f84493 wp-block-columns-is-layout-flex\">\n<div class=\"wp-block-column is-layout-flow wp-block-column-is-layout-flow\" style=\"flex-basis:33.34%\">\n<div data-aos= \"slide-up\" data-aos-duration=\"400\" data-aos-delay=\"0\" data-aos-easing=\"ease\" data-aos-once=\"true\" class=\"wp-block-uagb-image aligncenter uagb-block-279cc6dc wp-block-uagb-image--layout-default wp-block-uagb-image--effect-zoomin wp-block-uagb-image--align-center\"><figure class=\"wp-block-uagb-image__figure\"><img decoding=\"async\" srcset=\"https:\/\/s-jcarpentry.es\/wp-content\/uploads\/2025\/08\/s-l1200-removebg-preview.png ,https:\/\/s-jcarpentry.es\/wp-content\/uploads\/2025\/08\/s-l1200-removebg-preview.png 780w, https:\/\/s-jcarpentry.es\/wp-content\/uploads\/2025\/08\/s-l1200-removebg-preview.png 360w\" sizes=\"auto, (max-width: 480px) 150px\" src=\"https:\/\/s-jcarpentry.es\/wp-content\/uploads\/2025\/08\/s-l1200-removebg-preview.png\" alt=\"s l1200 removebg preview\" class=\"uag-image-3410\" width=\"100\" height=\"100\" title=\"s l1200 removebg preview\" loading=\"lazy\" role=\"img\"\/><figcaption class=\"uagb-image-caption\"><strong>Seguro a todo riesgo <br>para todas las operaciones<\/strong><\/figcaption><\/figure><\/div>\n<\/div>\n\n\n\n<div class=\"wp-block-column is-layout-flow wp-block-column-is-layout-flow\" style=\"flex-basis:33.34%\">\n<div data-aos= \"slide-up\" data-aos-duration=\"400\" data-aos-delay=\"0\" data-aos-easing=\"ease\" data-aos-once=\"true\" class=\"wp-block-uagb-image aligncenter uagb-block-d0822547 wp-block-uagb-image--layout-default wp-block-uagb-image--effect-zoomin wp-block-uagb-image--align-center\"><figure class=\"wp-block-uagb-image__figure\"><img decoding=\"async\" srcset=\"https:\/\/s-jcarpentry.es\/wp-content\/uploads\/2025\/08\/osha-300x99.png ,https:\/\/s-jcarpentry.es\/wp-content\/uploads\/2025\/08\/osha.png 780w, https:\/\/s-jcarpentry.es\/wp-content\/uploads\/2025\/08\/osha.png 360w\" sizes=\"auto, (max-width: 480px) 150px\" src=\"https:\/\/s-jcarpentry.es\/wp-content\/uploads\/2025\/08\/osha-300x99.png\" alt=\"osha\" class=\"uag-image-3311\" width=\"300\" height=\"100\" title=\"osha\" loading=\"lazy\" role=\"img\"\/><figcaption class=\"uagb-image-caption\"><strong>Certificado de seguridad OSHA<\/strong><\/figcaption><\/figure><\/div>\n<\/div>\n\n\n\n<div class=\"wp-block-column is-layout-flow wp-block-column-is-layout-flow\" style=\"flex-basis:33.33%\">\n<div data-aos= \"slide-up\" data-aos-duration=\"400\" data-aos-delay=\"0\" data-aos-easing=\"ease\" data-aos-once=\"true\" class=\"wp-block-uagb-image aligncenter uagb-block-238edd3c wp-block-uagb-image--layout-default wp-block-uagb-image--effect-zoomin wp-block-uagb-image--align-center\"><figure class=\"wp-block-uagb-image__figure\"><img decoding=\"async\" srcset=\"https:\/\/s-jcarpentry.es\/wp-content\/uploads\/2025\/08\/Licensed-operators-for-heavy-equipment-300x99.png ,https:\/\/s-jcarpentry.es\/wp-content\/uploads\/2025\/08\/Licensed-operators-for-heavy-equipment.png 780w, https:\/\/s-jcarpentry.es\/wp-content\/uploads\/2025\/08\/Licensed-operators-for-heavy-equipment.png 360w\" sizes=\"auto, (max-width: 480px) 150px\" src=\"https:\/\/s-jcarpentry.es\/wp-content\/uploads\/2025\/08\/Licensed-operators-for-heavy-equipment-300x99.png\" alt=\"licensed operators for heavy equipment\" class=\"uag-image-3312\" width=\"300\" height=\"100\" title=\"operadores con licencia para maquinaria pesada\" loading=\"lazy\" role=\"img\"\/><figcaption class=\"uagb-image-caption\"><strong>Operadores autorizados para <br>equipo pesado<\/strong><\/figcaption><\/figure><\/div>\n<\/div>\n<\/div>\n<\/div><\/div>\n\n\n\n<div class=\"wp-block-uagb-container uagb-block-056ca575 alignfull uagb-is-root-container\"><div class=\"uagb-container-inner-blocks-wrap\">\n<div data-aos= \"slide-up\" data-aos-duration=\"400\" data-aos-delay=\"0\" data-aos-easing=\"ease\" data-aos-once=\"true\" class=\"wp-block-uagb-container uag-blocks-common-selector uagb-layout-flex uagb-block-1b989b47\">\n<div class=\"wp-block-uagb-info-box uagb-block-e083be7b uagb-infobox__content-wrap  uagb-infobox-icon-above-title uagb-infobox-image-valign-top\"><div class=\"uagb-ifb-content\"><div class=\"uagb-ifb-title-wrap\"><span class=\"uagb-ifb-title-prefix\"><strong><strong>Por qu\u00e9 elegirnos<\/strong><\/strong><\/span><h2 class=\"uagb-ifb-title\"><strong>Nunca se nos pasa un plazo. <\/strong><br><strong>Nuestro equipo est\u00e1 cualificado, asegurado y centrado en los detalles.<\/strong><\/h2><\/div><p class=\"uagb-ifb-desc\">Con un seguro a todo riesgo, operarios con licencia y protocolos de seguridad certificados por la OSHA, nuestros equipos profesionales ofrecen resultados limpios, seguros y puntuales. Nunca incumplimos los plazos y le mantenemos informado en todo momento.<\/p><div class=\"uagb-ifb-button-wrapper wp-block-button\"><a href=\"https:\/\/s-jcarpentry.es\/es\/about\/\" class=\"uagb-infobox-cta-link wp-block-button__link\" target=\"_blank\" rel=\"noopener noreferrer\" onclick=\"return true;\"><span class=\"uagb-inline-editing\">M\u00e1s informaci\u00f3n<\/span><svg xmlns=\"https:\/\/www.w3.org\/2000\/svg\" viewbox=\"0 0 256 512\"><path d=\"M64 448c-8.188 0-16.38-3.125-22.62-9.375c-12.5-12.5-12.5-32.75 0-45.25L178.8 256L41.38 118.6c-12.5-12.5-12.5-32.75 0-45.25s32.75-12.5 45.25 0l160 160c12.5 12.5 12.5 32.75 0 45.25l-160 160C80.38 444.9 72.19 448 64 448z\"><\/path><\/svg><\/a><\/div><\/div><\/div>\n<\/div>\n<\/div><\/div>\n\n\n\n<div data-aos= \"slide-right\" data-aos-duration=\"400\" data-aos-delay=\"0\" data-aos-easing=\"ease\" data-aos-once=\"true\" class=\"wp-block-uagb-advanced-heading uagb-block-ed5ce301\"><h2 class=\"uagb-heading-text\">Hablemos de su pr\u00f3ximo proyecto.<\/h2><\/div>\n\n\n\n<div data-aos= \"slide-up\" data-aos-duration=\"400\" data-aos-delay=\"0\" data-aos-easing=\"ease\" data-aos-once=\"true\" class=\"wp-block-uagb-forms uagb-forms__outer-wrap uagb-block-0f0c743a uagb-forms__medium-btn\"><form class=\"uagb-forms-main-form\" method=\"post\" autocomplete=\"on\" name=\"uagb-form-0f0c743a\" action=\"\">\n<div class=\"wp-block-uagb-forms-name uagb-forms-name-wrap uagb-forms-field-set uagb-block-354be15b\"><div class=\"uagb-forms-name-label required uagb-forms-input-label\" id=\"354be15b\">Name<\/div><input type=\"text\" placeholder=\"Full name\" required class=\"uagb-forms-name-input uagb-forms-input\" name=\"354be15b\" autocomplete=\"name\"\/><\/div>\n\n\n\n<div class=\"wp-block-uagb-forms-email uagb-forms-email-wrap uagb-forms-field-set uagb-block-eea6c37d\"><div class=\"uagb-forms-email-label required uagb-forms-input-label\" id=\"eea6c37d\">Email<\/div><input type=\"email\" class=\"uagb-forms-email-input uagb-forms-input\" placeholder=\"example@mail.com\" required name=\"eea6c37d\" autocomplete=\"email\"\/><\/div>\n\n\n\n<div class=\"wp-block-uagb-forms-name uagb-forms-name-wrap uagb-forms-field-set uagb-block-04a481d6\"><div class=\"uagb-forms-name-label  uagb-forms-input-label\" id=\"04a481d6\">Phone<\/div><input type=\"text\" placeholder=\"+1 (123) 456 7890\" class=\"uagb-forms-name-input uagb-forms-input\" name=\"04a481d6\" autocomplete=\"name\"\/><\/div>\n\n\n\n<div class=\"wp-block-uagb-forms-textarea uagb-forms-textarea-wrap uagb-forms-field-set uagb-block-0eb95dd8\"><div class=\"uagb-forms-textarea-label required uagb-forms-input-label\" id=\"0eb95dd8\">Message<\/div><textarea required class=\"uagb-forms-textarea-input uagb-forms-input\" rows=\"4\" placeholder=\"Enter your message\" name=\"0eb95dd8\" autocomplete=\"off\"><\/textarea><\/div>\n<div class=\"uagb-forms-form-hidden-data\"><input type=\"hidden\" id=\"g-recaptcha-response\" class=\"uagb-forms-recaptcha\"\/><input type=\"hidden\" class=\"uagb_forms_form_label\" value=\"Spectra Form\"\/><input type=\"hidden\" class=\"uagb_forms_form_id\" value=\"uagb-form-0f0c743a\"\/><\/div><div class=\"g-recaptcha uagb-forms-field-set\" data-sitekey=\"\"><\/div><div class=\"uagb-form-reacaptcha-error-0f0c743a\"><\/div><div class=\"uagb-forms-main-submit-button-wrap wp-block-button\"><button class=\"uagb-forms-main-submit-button wp-block-button__link\"><div class=\"uagb-forms-main-submit-button-text\">Submit<\/div><\/button><\/div><input type=\"hidden\" name=\"trp-form-language\" value=\"es\"\/><\/form><div class=\"uagb-forms-success-message-0f0c743a uagb-forms-submit-message-hide\"><span>The form has been submitted successfully!<\/span><\/div><div class=\"uagb-forms-failed-message-0f0c743a uagb-forms-submit-message-hide\"><span>There has been some error while submitting the form. Please verify all form fields again.<\/span><\/div><\/div>\n\n\n\n<div data-aos= \"slide-up\" data-aos-duration=\"400\" data-aos-delay=\"0\" data-aos-easing=\"ease\" data-aos-once=\"true\" class=\"wp-block-uagb-advanced-heading uagb-block-6259203f\"><h2 class=\"uagb-heading-text\">Nos pondremos en contacto con usted r\u00e1pidamente para programar un presupuesto gratuito.<\/h2><\/div>\n\n\n\n<div style=\"height:100px\" aria-hidden=\"true\" class=\"wp-block-spacer\"><\/div>\n\n\n\n<footer class=\"wp-block-uagb-container uagb-block-d9d04aeb alignfull uagb-is-root-container\"><div class=\"uagb-container-inner-blocks-wrap\"><\/div><\/footer>\n\n\n\n<p><\/p>","protected":false},"excerpt":{"rendered":"<p>Main Services Overview Expert carpentry and construction services from foundation to final touches What we do best: We offer expert construction services tailored to homes and light commercial projects. Whether you&#8217;re building from the ground up, expanding your space, or upgrading doors and windows\u2014we\u2019re here to bring lasting results with craftsmanship and care. Certifications We\u2019re [&hellip;]<\/p>","protected":false},"author":1,"featured_media":3207,"parent":0,"menu_order":0,"comment_status":"closed","ping_status":"closed","template":"","meta":{"_uag_custom_page_level_css":"","site-sidebar-layout":"no-sidebar","site-content-layout":"plain-container","ast-site-content-layout":"normal-width-container","site-content-style":"unboxed","site-sidebar-style":"unboxed","ast-global-header-display":"","ast-banner-title-visibility":"","ast-main-header-display":"","ast-hfb-above-header-display":"","ast-hfb-below-header-display":"","ast-hfb-mobile-header-display":"","site-post-title":"disabled","ast-breadcrumbs-content":"","ast-featured-img":"disabled","footer-sml-layout":"","ast-disable-related-posts":"","theme-transparent-header-meta":"enabled","adv-header-id-meta":"","stick-header-meta":"","header-above-stick-meta":"","header-main-stick-meta":"","header-below-stick-meta":"","astra-migrate-meta-layouts":"set","ast-page-background-enabled":"default","ast-page-background-meta":{"desktop":{"background-color":"","background-image":"","background-repeat":"repeat","background-position":"center center","background-size":"auto","background-attachment":"scroll","background-type":"","background-media":"","overlay-type":"","overlay-color":"","overlay-opacity":"","overlay-gradient":""},"tablet":{"background-color":"","background-image":"","background-repeat":"repeat","background-position":"center center","background-size":"auto","background-attachment":"scroll","background-type":"","background-media":"","overlay-type":"","overlay-color":"","overlay-opacity":"","overlay-gradient":""},"mobile":{"background-color":"","background-image":"","background-repeat":"repeat","background-position":"center center","background-size":"auto","background-attachment":"scroll","background-type":"","background-media":"","overlay-type":"","overlay-color":"","overlay-opacity":"","overlay-gradient":""}},"ast-content-background-meta":{"desktop":{"background-color":"var(--ast-global-color-5)","background-image":"","background-repeat":"repeat","background-position":"center center","background-size":"auto","background-attachment":"scroll","background-type":"","background-media":"","overlay-type":"","overlay-color":"","overlay-opacity":"","overlay-gradient":""},"tablet":{"background-color":"var(--ast-global-color-5)","background-image":"","background-repeat":"repeat","background-position":"center center","background-size":"auto","background-attachment":"scroll","background-type":"","background-media":"","overlay-type":"","overlay-color":"","overlay-opacity":"","overlay-gradient":""},"mobile":{"background-color":"var(--ast-global-color-5)","background-image":"","background-repeat":"repeat","background-position":"center center","background-size":"auto","background-attachment":"scroll","background-type":"","background-media":"","overlay-type":"","overlay-color":"","overlay-opacity":"","overlay-gradient":""}},"footnotes":""},"class_list":["post-3070","page","type-page","status-publish","has-post-thumbnail","hentry"],"uagb_featured_image_src":{"full":["https:\/\/s-jcarpentry.es\/wp-content\/uploads\/2025\/08\/wallpaper2-1.jpg",1100,1820,false],"thumbnail":["https:\/\/s-jcarpentry.es\/wp-content\/uploads\/2025\/08\/wallpaper2-1-150x150.jpg",150,150,true],"medium":["https:\/\/s-jcarpentry.es\/wp-content\/uploads\/2025\/08\/wallpaper2-1-181x300.jpg",181,300,true],"medium_large":["https:\/\/s-jcarpentry.es\/wp-content\/uploads\/2025\/08\/wallpaper2-1-768x1271.jpg",768,1271,true],"large":["https:\/\/s-jcarpentry.es\/wp-content\/uploads\/2025\/08\/wallpaper2-1-619x1024.jpg",619,1024,true],"1536x1536":["https:\/\/s-jcarpentry.es\/wp-content\/uploads\/2025\/08\/wallpaper2-1-928x1536.jpg",928,1536,true],"2048x2048":["https:\/\/s-jcarpentry.es\/wp-content\/uploads\/2025\/08\/wallpaper2-1.jpg",1100,1820,false],"trp-custom-language-flag":["https:\/\/s-jcarpentry.es\/wp-content\/uploads\/2025\/08\/wallpaper2-1-7x12.jpg",7,12,true]},"uagb_author_info":{"display_name":"kyessigarcia@gmail.com","author_link":"https:\/\/s-jcarpentry.es\/es\/author\/kyessigarciagmail-com\/"},"uagb_comment_info":0,"uagb_excerpt":"Main Services Overview Expert carpentry and construction services from foundation to final touches What we do best: We offer expert construction services tailored to homes and light commercial projects. Whether you&#8217;re building from the ground up, expanding your space, or upgrading doors and windows\u2014we\u2019re here to bring lasting results with craftsmanship and care. Certifications We\u2019re&hellip;","_links":{"self":[{"href":"https:\/\/s-jcarpentry.es\/es\/wp-json\/wp\/v2\/pages\/3070","targetHints":{"allow":["GET"]}}],"collection":[{"href":"https:\/\/s-jcarpentry.es\/es\/wp-json\/wp\/v2\/pages"}],"about":[{"href":"https:\/\/s-jcarpentry.es\/es\/wp-json\/wp\/v2\/types\/page"}],"author":[{"embeddable":true,"href":"https:\/\/s-jcarpentry.es\/es\/wp-json\/wp\/v2\/users\/1"}],"replies":[{"embeddable":true,"href":"https:\/\/s-jcarpentry.es\/es\/wp-json\/wp\/v2\/comments?post=3070"}],"version-history":[{"count":144,"href":"https:\/\/s-jcarpentry.es\/es\/wp-json\/wp\/v2\/pages\/3070\/revisions"}],"predecessor-version":[{"id":3717,"href":"https:\/\/s-jcarpentry.es\/es\/wp-json\/wp\/v2\/pages\/3070\/revisions\/3717"}],"wp:featuredmedia":[{"embeddable":true,"href":"https:\/\/s-jcarpentry.es\/es\/wp-json\/wp\/v2\/media\/3207"}],"wp:attachment":[{"href":"https:\/\/s-jcarpentry.es\/es\/wp-json\/wp\/v2\/media?parent=3070"}],"curies":[{"name":"wp","href":"https:\/\/api.w.org\/{rel}","templated":true}]}}